{"id":16853,"date":"2023-12-08T08:48:47","date_gmt":"2023-12-08T07:48:47","guid":{"rendered":"https:\/\/saveme.swiss\/mentions-legales\/"},"modified":"2024-02-05T14:33:04","modified_gmt":"2024-02-05T13:33:04","slug":"mentions-legales","status":"publish","type":"page","link":"https:\/\/saveme.swiss\/fr\/mentions-legales\/","title":{"rendered":"Mentions l\u00e9gales"},"content":{"rendered":"\t\t<div data-elementor-type=\"wp-page\" data-elementor-id=\"16853\" class=\"elementor elementor-16853 elementor-3\">\n\t\t\t\t<div class=\"elementor-element elementor-element-206bf3d8 e-flex e-con-boxed e-con e-parent\" data-id=\"206bf3d8\" data-element_type=\"container\" data-e-type=\"container\" data-settings=\"{&quot;pix_scale_in&quot;:&quot;none&quot;}\">\n\t\t\t\t\t<div class=\"e-con-inner\">\n\t\t\t\t<div class=\"elementor-element elementor-element-4d6cb214 elementor-widget elementor-widget-text-editor\" data-id=\"4d6cb214\" data-element_type=\"widget\" data-e-type=\"widget\" data-widget_type=\"text-editor.default\">\n\t\t\t\t<div class=\"elementor-widget-container\">\n\t\t\t\t\t\t\t\t\t<p><b>Instance responsable :<\/b><br \/>save me GmbH<br \/>Rue du Chantier 10<br \/>2503 Biel\/Bienne<br \/>Suisse<br \/><strong>E-mail<\/strong>: admin@saveme.swiss<\/p>\n<p><b>Conception de sites web et r\u00e9f\u00e9rencement<\/b><br \/><a href=\"https:\/\/dartera.ch\/webdesign-bern\" target=\"_blank\" rel=\"noopener\">Webdesign Bern, dartera<\/a><\/p>\n<p><strong>Personnes autoris\u00e9es \u00e0 repr\u00e9senter la soci\u00e9t\u00e9<\/strong><br \/>ARB SA pour le service d&rsquo;ambulance de la r\u00e9gion de Bienne (CHE-108.500.726), \u00e0 Biel\/Bienne<br \/>Gambon Jean-Pierre, de Domleschg, \u00e0 Biel\/Bienne<br \/>Crevoiserat Christel, de Pleigne, \u00e0 Lyss<br \/>El Faleh Sabri, de La Chaux-de-Fonds, \u00e0 Peseux (Neuch\u00e2tel)<br \/>Laub St\u00e9phane, d&rsquo;Oberwil (BL), \u00e0 Port<br \/>Perny Andr\u00e9, de Gurmels, \u00e0 Walperswil<br \/>a Marca Sandrine, de Mesocco, \u00e0 Loveresse<\/p>\n<p><strong>Nom de l&rsquo;entreprise<\/strong>: save me GmbH<br \/><strong>Num\u00e9ro de registre<\/strong>: CHE-133.415.414<br \/><strong>Num\u00e9ro d&rsquo;identification TVA<\/strong>:<\/p>\n<p><strong>Clause de non-responsabilit\u00e9<\/strong><br \/>L&rsquo;auteur ne garantit pas l&rsquo;exactitude, la pr\u00e9cision, l&rsquo;actualit\u00e9, la fiabilit\u00e9 et l&rsquo;exhaustivit\u00e9 des informations.<br \/>L&rsquo;auteur ne saurait \u00eatre tenu pour responsable des dommages mat\u00e9riels ou immat\u00e9riels qui pourraient \u00eatre caus\u00e9s par l&rsquo;acc\u00e8s aux informations diffus\u00e9es ou par leur utilisation ou non-utilisation, par le mauvais usage de la connexion ou par des probl\u00e8mes techniques.<\/p>\n<p>Toutes les offres sont sans engagement. L&rsquo;auteur se r\u00e9serve express\u00e9ment le droit de modifier, de compl\u00e9ter ou de supprimer des parties de pages ou l&rsquo;ensemble de l&rsquo;offre sans avis pr\u00e9alable, ou d&rsquo;en suspendre temporairement ou d\u00e9finitivement la publication.<\/p>\n<p><strong>Exclusion de responsabilit\u00e9 pour les contenus et les liens<\/strong><br \/>Les renvois et liens vers des sites web de tiers ne rel\u00e8vent pas de notre responsabilit\u00e9. Nous d\u00e9clinons toute responsabilit\u00e9 pour de tels sites. L&rsquo;acc\u00e8s \u00e0 de tels sites et leur utilisation se font aux risques et p\u00e9rils de l&rsquo;utilisateur concern\u00e9.<\/p>\n<p><strong>D\u00e9claration de droits d&rsquo;auteur<\/strong><br \/>Les droits d&rsquo;auteur et tous les autres droits li\u00e9s aux contenus, images, photos ou autres fichiers de ce site Internet appartiennent exclusivement \u00e0 save me GmbH ou aux d\u00e9tenteurs de droits sp\u00e9cialement cit\u00e9s. Pour la reproduction de tout \u00e9l\u00e9ment, l&rsquo;accord \u00e9crit du d\u00e9tenteur des droits d&rsquo;auteur doit \u00eatre obtenu au pr\u00e9alable.<\/p>\n<p><strong>Source<\/strong>: <a style=\"color: inherit; text-decoration: none;\" href=\"https:\/\/brainbox.swiss\/\">BrainBox Solutions<\/a><\/p>\n\t\t\t\t\t\t\t\t<\/div>\n\t\t\t\t<\/div>\n\t\t\t\t\t<\/div>\n\t\t\t\t<\/div>\n\t\t\t\t<\/div>\n\t\t","protected":false},"excerpt":{"rendered":"<p>Instance responsable :save me GmbHRue du Chantier 102503 Biel\/BienneSuisseE-mail: admin@saveme.swiss Conception de sites web et r\u00e9f\u00e9rencementWebdesign Bern, dartera Personnes autoris\u00e9es \u00e0 repr\u00e9senter la soci\u00e9t\u00e9ARB SA pour le service d&rsquo;ambulance de la r\u00e9gion de Bienne (CHE-108.500.726), \u00e0 Biel\/BienneGambon Jean-Pierre, de Domleschg,&#8230;<\/p>\n","protected":false},"author":1,"featured_media":0,"parent":0,"menu_order":0,"comment_status":"closed","ping_status":"closed","template":"","meta":{"footnotes":""},"class_list":["post-16853","page","type-page","status-publish","hentry"],"yoast_head":"<!-- This site is optimized with the Yoast SEO plugin v27.4 - https:\/\/yoast.com\/product\/yoast-seo-wordpress\/ -->\n<title>Mentions l\u00e9gales - Informations juridiques | Save Me<\/title>\n<meta name=\"description\" content=\"Mentions l\u00e9gales de Save Me : informations juridiques, identification du fournisseur et coordonn\u00e9es.\" \/>\n<meta name=\"robots\" content=\"index, follow, max-snippet:-1, max-image-preview:large, max-video-preview:-1\" \/>\n<link rel=\"canonical\" href=\"https:\/\/saveme.swiss\/fr\/mentions-legales\/\" \/>\n<meta property=\"og:locale\" content=\"fr_FR\" \/>\n<meta property=\"og:type\" content=\"article\" \/>\n<meta property=\"og:title\" content=\"Mentions l\u00e9gales - Informations juridiques | Save Me\" \/>\n<meta property=\"og:description\" content=\"Mentions l\u00e9gales de Save Me : informations juridiques, identification du fournisseur et coordonn\u00e9es.\" \/>\n<meta property=\"og:url\" content=\"https:\/\/saveme.swiss\/fr\/mentions-legales\/\" \/>\n<meta property=\"og:site_name\" content=\"save me\" \/>\n<meta property=\"article:modified_time\" content=\"2024-02-05T13:33:04+00:00\" \/>\n<meta name=\"twitter:card\" content=\"summary_large_image\" \/>\n<meta name=\"twitter:label1\" content=\"Dur\u00e9e de lecture estim\u00e9e\" \/>\n\t<meta name=\"twitter:data1\" content=\"2 minutes\" \/>\n<script type=\"application\/ld+json\" class=\"yoast-schema-graph\">{\"@context\":\"https:\\\/\\\/schema.org\",\"@graph\":[{\"@type\":\"WebPage\",\"@id\":\"https:\\\/\\\/saveme.swiss\\\/fr\\\/mentions-legales\\\/\",\"url\":\"https:\\\/\\\/saveme.swiss\\\/fr\\\/mentions-legales\\\/\",\"name\":\"Mentions l\u00e9gales - Informations juridiques | Save Me\",\"isPartOf\":{\"@id\":\"https:\\\/\\\/saveme.swiss\\\/fr\\\/#website\"},\"datePublished\":\"2023-12-08T07:48:47+00:00\",\"dateModified\":\"2024-02-05T13:33:04+00:00\",\"description\":\"Mentions l\u00e9gales de Save Me : informations juridiques, identification du fournisseur et coordonn\u00e9es.\",\"breadcrumb\":{\"@id\":\"https:\\\/\\\/saveme.swiss\\\/fr\\\/mentions-legales\\\/#breadcrumb\"},\"inLanguage\":\"fr-FR\",\"potentialAction\":[{\"@type\":\"ReadAction\",\"target\":[\"https:\\\/\\\/saveme.swiss\\\/fr\\\/mentions-legales\\\/\"]}]},{\"@type\":\"BreadcrumbList\",\"@id\":\"https:\\\/\\\/saveme.swiss\\\/fr\\\/mentions-legales\\\/#breadcrumb\",\"itemListElement\":[{\"@type\":\"ListItem\",\"position\":1,\"name\":\"Home\",\"item\":\"https:\\\/\\\/saveme.swiss\\\/fr\\\/\"},{\"@type\":\"ListItem\",\"position\":2,\"name\":\"Mentions l\u00e9gales\"}]},{\"@type\":\"WebSite\",\"@id\":\"https:\\\/\\\/saveme.swiss\\\/fr\\\/#website\",\"url\":\"https:\\\/\\\/saveme.swiss\\\/fr\\\/\",\"name\":\"save me\",\"description\":\"\",\"publisher\":{\"@id\":\"https:\\\/\\\/saveme.swiss\\\/fr\\\/#organization\"},\"potentialAction\":[{\"@type\":\"SearchAction\",\"target\":{\"@type\":\"EntryPoint\",\"urlTemplate\":\"https:\\\/\\\/saveme.swiss\\\/fr\\\/?s={search_term_string}\"},\"query-input\":{\"@type\":\"PropertyValueSpecification\",\"valueRequired\":true,\"valueName\":\"search_term_string\"}}],\"inLanguage\":\"fr-FR\"},{\"@type\":\"Organization\",\"@id\":\"https:\\\/\\\/saveme.swiss\\\/fr\\\/#organization\",\"name\":\"save me\",\"url\":\"https:\\\/\\\/saveme.swiss\\\/fr\\\/\",\"logo\":{\"@type\":\"ImageObject\",\"inLanguage\":\"fr-FR\",\"@id\":\"https:\\\/\\\/saveme.swiss\\\/fr\\\/#\\\/schema\\\/logo\\\/image\\\/\",\"url\":\"https:\\\/\\\/saveme.swiss\\\/wp-content\\\/uploads\\\/2023\\\/12\\\/saveme-logo.svg\",\"contentUrl\":\"https:\\\/\\\/saveme.swiss\\\/wp-content\\\/uploads\\\/2023\\\/12\\\/saveme-logo.svg\",\"width\":130,\"height\":52,\"caption\":\"save me\"},\"image\":{\"@id\":\"https:\\\/\\\/saveme.swiss\\\/fr\\\/#\\\/schema\\\/logo\\\/image\\\/\"}}]}<\/script>\n<!-- \/ Yoast SEO plugin. -->","yoast_head_json":{"title":"Mentions l\u00e9gales - Informations juridiques | Save Me","description":"Mentions l\u00e9gales de Save Me : informations juridiques, identification du fournisseur et coordonn\u00e9es.","robots":{"index":"index","follow":"follow","max-snippet":"max-snippet:-1","max-image-preview":"max-image-preview:large","max-video-preview":"max-video-preview:-1"},"canonical":"https:\/\/saveme.swiss\/fr\/mentions-legales\/","og_locale":"fr_FR","og_type":"article","og_title":"Mentions l\u00e9gales - Informations juridiques | Save Me","og_description":"Mentions l\u00e9gales de Save Me : informations juridiques, identification du fournisseur et coordonn\u00e9es.","og_url":"https:\/\/saveme.swiss\/fr\/mentions-legales\/","og_site_name":"save me","article_modified_time":"2024-02-05T13:33:04+00:00","twitter_card":"summary_large_image","twitter_misc":{"Dur\u00e9e de lecture estim\u00e9e":"2 minutes"},"schema":{"@context":"https:\/\/schema.org","@graph":[{"@type":"WebPage","@id":"https:\/\/saveme.swiss\/fr\/mentions-legales\/","url":"https:\/\/saveme.swiss\/fr\/mentions-legales\/","name":"Mentions l\u00e9gales - Informations juridiques | Save Me","isPartOf":{"@id":"https:\/\/saveme.swiss\/fr\/#website"},"datePublished":"2023-12-08T07:48:47+00:00","dateModified":"2024-02-05T13:33:04+00:00","description":"Mentions l\u00e9gales de Save Me : informations juridiques, identification du fournisseur et coordonn\u00e9es.","breadcrumb":{"@id":"https:\/\/saveme.swiss\/fr\/mentions-legales\/#breadcrumb"},"inLanguage":"fr-FR","potentialAction":[{"@type":"ReadAction","target":["https:\/\/saveme.swiss\/fr\/mentions-legales\/"]}]},{"@type":"BreadcrumbList","@id":"https:\/\/saveme.swiss\/fr\/mentions-legales\/#breadcrumb","itemListElement":[{"@type":"ListItem","position":1,"name":"Home","item":"https:\/\/saveme.swiss\/fr\/"},{"@type":"ListItem","position":2,"name":"Mentions l\u00e9gales"}]},{"@type":"WebSite","@id":"https:\/\/saveme.swiss\/fr\/#website","url":"https:\/\/saveme.swiss\/fr\/","name":"save me","description":"","publisher":{"@id":"https:\/\/saveme.swiss\/fr\/#organization"},"potentialAction":[{"@type":"SearchAction","target":{"@type":"EntryPoint","urlTemplate":"https:\/\/saveme.swiss\/fr\/?s={search_term_string}"},"query-input":{"@type":"PropertyValueSpecification","valueRequired":true,"valueName":"search_term_string"}}],"inLanguage":"fr-FR"},{"@type":"Organization","@id":"https:\/\/saveme.swiss\/fr\/#organization","name":"save me","url":"https:\/\/saveme.swiss\/fr\/","logo":{"@type":"ImageObject","inLanguage":"fr-FR","@id":"https:\/\/saveme.swiss\/fr\/#\/schema\/logo\/image\/","url":"https:\/\/saveme.swiss\/wp-content\/uploads\/2023\/12\/saveme-logo.svg","contentUrl":"https:\/\/saveme.swiss\/wp-content\/uploads\/2023\/12\/saveme-logo.svg","width":130,"height":52,"caption":"save me"},"image":{"@id":"https:\/\/saveme.swiss\/fr\/#\/schema\/logo\/image\/"}}]}},"_links":{"self":[{"href":"https:\/\/saveme.swiss\/fr\/wp-json\/wp\/v2\/pages\/16853","targetHints":{"allow":["GET"]}}],"collection":[{"href":"https:\/\/saveme.swiss\/fr\/wp-json\/wp\/v2\/pages"}],"about":[{"href":"https:\/\/saveme.swiss\/fr\/wp-json\/wp\/v2\/types\/page"}],"author":[{"embeddable":true,"href":"https:\/\/saveme.swiss\/fr\/wp-json\/wp\/v2\/users\/1"}],"replies":[{"embeddable":true,"href":"https:\/\/saveme.swiss\/fr\/wp-json\/wp\/v2\/comments?post=16853"}],"version-history":[{"count":5,"href":"https:\/\/saveme.swiss\/fr\/wp-json\/wp\/v2\/pages\/16853\/revisions"}],"predecessor-version":[{"id":17114,"href":"https:\/\/saveme.swiss\/fr\/wp-json\/wp\/v2\/pages\/16853\/revisions\/17114"}],"wp:attachment":[{"href":"https:\/\/saveme.swiss\/fr\/wp-json\/wp\/v2\/media?parent=16853"}],"curies":[{"name":"wp","href":"https:\/\/api.w.org\/{rel}","templated":true}]}}