{"id":16830,"date":"2023-12-29T11:27:05","date_gmt":"2023-12-29T10:27:05","guid":{"rendered":"https:\/\/saveme.swiss\/404-2\/"},"modified":"2025-06-12T11:46:53","modified_gmt":"2025-06-12T09:46:53","slug":"404-2","status":"publish","type":"page","link":"https:\/\/saveme.swiss\/fr\/404-2\/","title":{"rendered":"404"},"content":{"rendered":"\t\t<div data-elementor-type=\"wp-page\" data-elementor-id=\"16830\" class=\"elementor elementor-16830 elementor-16033\">\n\t\t\t\t<div class=\"elementor-element elementor-element-29fc1578 myerrorpages e-flex e-con-boxed e-con e-parent\" data-id=\"29fc1578\" data-element_type=\"container\" data-e-type=\"container\" data-settings=\"{&quot;pix_scale_in&quot;:&quot;none&quot;}\">\n\t\t\t\t\t<div class=\"e-con-inner\">\n\t\t\t\t<div class=\"elementor-element elementor-element-6476a60e elementor-widget elementor-widget-image\" data-id=\"6476a60e\" data-element_type=\"widget\" data-e-type=\"widget\" data-widget_type=\"image.default\">\n\t\t\t\t<div class=\"elementor-widget-container\">\n\t\t\t\t\t\t\t\t\t\t\t\t\t\t\t\t<a href=\"https:\/\/saveme.swiss\/fr\/\">\n\t\t\t\t\t\t\t<img decoding=\"async\" width=\"130\" height=\"52\" src=\"https:\/\/saveme.swiss\/wp-content\/uploads\/2023\/12\/saveme-logo.svg\" class=\"attachment-full size-full wp-image-16596\" alt=\"\" \/>\t\t\t\t\t\t\t\t<\/a>\n\t\t\t\t\t\t\t\t\t\t\t\t\t\t\t<\/div>\n\t\t\t\t<\/div>\n\t\t\t\t<div class=\"elementor-element elementor-element-795217b6 elementor-widget elementor-widget-pix-heading\" data-id=\"795217b6\" data-element_type=\"widget\" data-e-type=\"widget\" data-widget_type=\"pix-heading.default\">\n\t\t\t\t<div class=\"elementor-widget-container\">\n\t\t\t\t\t<div  class=\"pix-heading-el text-center \"><h1 class=\"h1 heading-text el-title_custom_color mb-12\" style=\"\" data-anim-type=\"\" data-anim-delay=\"\">Oups ! Cette page est introuvable.<\/h1><\/div>\t\t\t\t<\/div>\n\t\t\t\t<\/div>\n\t\t\t\t<div class=\"elementor-element elementor-element-c55f3e1 elementor-widget elementor-widget-text-editor\" data-id=\"c55f3e1\" data-element_type=\"widget\" data-e-type=\"widget\" data-widget_type=\"text-editor.default\">\n\t\t\t\t<div class=\"elementor-widget-container\">\n\t\t\t\t\t\t\t\t\t<p>Il semble que rien n&rsquo;ait \u00e9t\u00e9 trouv\u00e9 \u00e0 cet endroit. Essayez peut-\u00eatre de faire une recherche ?<\/p>\n\t\t\t\t\t\t\t\t<\/div>\n\t\t\t\t<\/div>\n\t\t\t\t<div class=\"elementor-element elementor-element-53f97365 elementor-widget elementor-widget-pix-search\" data-id=\"53f97365\" data-element_type=\"widget\" data-e-type=\"widget\" data-widget_type=\"pix-search.default\">\n\t\t\t\t<div class=\"elementor-widget-container\">\n\t\t\t\t\t<form class=\"pix-small-search pix-ajax-search-container position-relative shadow-sm rounded-lg pix-search-div w-100\"    method=\"get\" action=\"https:\/\/saveme.swiss\/fr\/\">\n                <div class=\"d-flex\">\n                    <input type=\"search\" class=\"form-control pix-ajax-search form-control-lg shadow-0 font-weight-bold text-body-default\" name=\"s\" autocomplete=\"off\" placeholder=\"Search for something\" aria-label=\"Search\" value=\"\" data-search-link=\"https:\/\/saveme.swiss\/wp-admin\/admin-ajax.php?action=pix_ajax_search\">\n                    <button class=\"btn btn-search btn-white m-0 text-body-default\" aria-label=\"Search\" type=\"submit\">\n<svg width=\"18px\" height=\"18px\" viewBox=\"0 0 18 18\" version=\"1.1\" xmlns=\"http:\/\/www.w3.org\/2000\/svg\" xmlns:xlink=\"http:\/\/www.w3.org\/1999\/xlink\"><g id=\"Blog\" stroke=\"none\" stroke-width=\"1\" fill=\"none\" fill-rule=\"evenodd\"><g id=\"blog-with-sidebar\" transform=\"translate(-1217.000000, -831.000000)\" fill=\"#BBBBBB\" fill-rule=\"nonzero\"><g id=\"Search\" transform=\"translate(905.000000, 765.000000)\"><g id=\"search\" transform=\"translate(312.000000, 66.000000)\"><path d=\"M17.784,16.776 L12.168,11.124 C13.104,9.972 13.68,8.46 13.68,6.84 C13.68,3.06 10.62,0 6.84,0 C3.06,0 0,3.06 0,6.84 C0,10.62 3.06,13.68 6.84,13.68 C8.46,13.68 9.972,13.104 11.124,12.168 L16.74,17.784 C16.92,17.928 17.1,18 17.28,18 C17.46,18 17.64,17.928 17.784,17.784 C18.072,17.496 18.072,17.064 17.784,16.776 Z M1.44,6.84 C1.44,3.852 3.852,1.44 6.84,1.44 C9.828,1.44 12.24,3.852 12.24,6.84 C12.24,9.828 9.828,12.24 6.84,12.24 C3.852,12.24 1.44,9.828 1.44,6.84 Z\"><\/path><\/g><\/g><\/g><\/g><\/svg><\/button><\/div>\n            <\/form>\t\t\t\t<\/div>\n\t\t\t\t<\/div>\n\t\t\t\t\t<\/div>\n\t\t\t\t<\/div>\n\t\t\t\t<\/div>\n\t\t","protected":false},"excerpt":{"rendered":"<p>Oups ! Cette page est introuvable. Il semble que rien n&rsquo;ait \u00e9t\u00e9 trouv\u00e9 \u00e0 cet endroit. Essayez peut-\u00eatre de faire une recherche ?<\/p>\n","protected":false},"author":2,"featured_media":0,"parent":0,"menu_order":0,"comment_status":"closed","ping_status":"closed","template":"","meta":{"footnotes":""},"class_list":["post-16830","page","type-page","status-publish","hentry"],"yoast_head":"<!-- This site is optimized with the Yoast SEO plugin v27.5 - https:\/\/yoast.com\/product\/yoast-seo-wordpress\/ -->\n<title>404 - save me<\/title>\n<meta name=\"robots\" content=\"index, follow, max-snippet:-1, max-image-preview:large, max-video-preview:-1\" \/>\n<link rel=\"canonical\" href=\"https:\/\/saveme.swiss\/fr\/404-2\/\" \/>\n<meta property=\"og:locale\" content=\"fr_FR\" \/>\n<meta property=\"og:type\" content=\"article\" \/>\n<meta property=\"og:title\" content=\"404 - save me\" \/>\n<meta property=\"og:description\" content=\"Oups ! Cette page est introuvable. Il semble que rien n&rsquo;ait \u00e9t\u00e9 trouv\u00e9 \u00e0 cet endroit. Essayez peut-\u00eatre de faire une recherche ?\" \/>\n<meta property=\"og:url\" content=\"https:\/\/saveme.swiss\/fr\/404-2\/\" \/>\n<meta property=\"og:site_name\" content=\"save me\" \/>\n<meta property=\"article:modified_time\" content=\"2025-06-12T09:46:53+00:00\" \/>\n<meta name=\"twitter:card\" content=\"summary_large_image\" \/>\n<meta name=\"twitter:label1\" content=\"Dur\u00e9e de lecture estim\u00e9e\" \/>\n\t<meta name=\"twitter:data1\" content=\"1 minute\" \/>\n<script type=\"application\/ld+json\" class=\"yoast-schema-graph\">{\"@context\":\"https:\\\/\\\/schema.org\",\"@graph\":[{\"@type\":\"WebPage\",\"@id\":\"https:\\\/\\\/saveme.swiss\\\/fr\\\/404-2\\\/\",\"url\":\"https:\\\/\\\/saveme.swiss\\\/fr\\\/404-2\\\/\",\"name\":\"404 - save me\",\"isPartOf\":{\"@id\":\"https:\\\/\\\/saveme.swiss\\\/fr\\\/#website\"},\"primaryImageOfPage\":{\"@id\":\"https:\\\/\\\/saveme.swiss\\\/fr\\\/404-2\\\/#primaryimage\"},\"image\":{\"@id\":\"https:\\\/\\\/saveme.swiss\\\/fr\\\/404-2\\\/#primaryimage\"},\"thumbnailUrl\":\"https:\\\/\\\/saveme.swiss\\\/wp-content\\\/uploads\\\/2023\\\/12\\\/saveme-logo.svg\",\"datePublished\":\"2023-12-29T10:27:05+00:00\",\"dateModified\":\"2025-06-12T09:46:53+00:00\",\"breadcrumb\":{\"@id\":\"https:\\\/\\\/saveme.swiss\\\/fr\\\/404-2\\\/#breadcrumb\"},\"inLanguage\":\"fr-FR\",\"potentialAction\":[{\"@type\":\"ReadAction\",\"target\":[\"https:\\\/\\\/saveme.swiss\\\/fr\\\/404-2\\\/\"]}]},{\"@type\":\"ImageObject\",\"inLanguage\":\"fr-FR\",\"@id\":\"https:\\\/\\\/saveme.swiss\\\/fr\\\/404-2\\\/#primaryimage\",\"url\":\"https:\\\/\\\/saveme.swiss\\\/wp-content\\\/uploads\\\/2023\\\/12\\\/saveme-logo.svg\",\"contentUrl\":\"https:\\\/\\\/saveme.swiss\\\/wp-content\\\/uploads\\\/2023\\\/12\\\/saveme-logo.svg\"},{\"@type\":\"BreadcrumbList\",\"@id\":\"https:\\\/\\\/saveme.swiss\\\/fr\\\/404-2\\\/#breadcrumb\",\"itemListElement\":[{\"@type\":\"ListItem\",\"position\":1,\"name\":\"Home\",\"item\":\"https:\\\/\\\/saveme.swiss\\\/fr\\\/\"},{\"@type\":\"ListItem\",\"position\":2,\"name\":\"404\"}]},{\"@type\":\"WebSite\",\"@id\":\"https:\\\/\\\/saveme.swiss\\\/fr\\\/#website\",\"url\":\"https:\\\/\\\/saveme.swiss\\\/fr\\\/\",\"name\":\"save me\",\"description\":\"\",\"publisher\":{\"@id\":\"https:\\\/\\\/saveme.swiss\\\/fr\\\/#organization\"},\"potentialAction\":[{\"@type\":\"SearchAction\",\"target\":{\"@type\":\"EntryPoint\",\"urlTemplate\":\"https:\\\/\\\/saveme.swiss\\\/fr\\\/?s={search_term_string}\"},\"query-input\":{\"@type\":\"PropertyValueSpecification\",\"valueRequired\":true,\"valueName\":\"search_term_string\"}}],\"inLanguage\":\"fr-FR\"},{\"@type\":\"Organization\",\"@id\":\"https:\\\/\\\/saveme.swiss\\\/fr\\\/#organization\",\"name\":\"save me\",\"url\":\"https:\\\/\\\/saveme.swiss\\\/fr\\\/\",\"logo\":{\"@type\":\"ImageObject\",\"inLanguage\":\"fr-FR\",\"@id\":\"https:\\\/\\\/saveme.swiss\\\/fr\\\/#\\\/schema\\\/logo\\\/image\\\/\",\"url\":\"https:\\\/\\\/saveme.swiss\\\/wp-content\\\/uploads\\\/2023\\\/12\\\/saveme-logo.svg\",\"contentUrl\":\"https:\\\/\\\/saveme.swiss\\\/wp-content\\\/uploads\\\/2023\\\/12\\\/saveme-logo.svg\",\"width\":130,\"height\":52,\"caption\":\"save me\"},\"image\":{\"@id\":\"https:\\\/\\\/saveme.swiss\\\/fr\\\/#\\\/schema\\\/logo\\\/image\\\/\"}}]}<\/script>\n<!-- \/ Yoast SEO plugin. -->","yoast_head_json":{"title":"404 - save me","robots":{"index":"index","follow":"follow","max-snippet":"max-snippet:-1","max-image-preview":"max-image-preview:large","max-video-preview":"max-video-preview:-1"},"canonical":"https:\/\/saveme.swiss\/fr\/404-2\/","og_locale":"fr_FR","og_type":"article","og_title":"404 - save me","og_description":"Oups ! Cette page est introuvable. Il semble que rien n&rsquo;ait \u00e9t\u00e9 trouv\u00e9 \u00e0 cet endroit. Essayez peut-\u00eatre de faire une recherche ?","og_url":"https:\/\/saveme.swiss\/fr\/404-2\/","og_site_name":"save me","article_modified_time":"2025-06-12T09:46:53+00:00","twitter_card":"summary_large_image","twitter_misc":{"Dur\u00e9e de lecture estim\u00e9e":"1 minute"},"schema":{"@context":"https:\/\/schema.org","@graph":[{"@type":"WebPage","@id":"https:\/\/saveme.swiss\/fr\/404-2\/","url":"https:\/\/saveme.swiss\/fr\/404-2\/","name":"404 - save me","isPartOf":{"@id":"https:\/\/saveme.swiss\/fr\/#website"},"primaryImageOfPage":{"@id":"https:\/\/saveme.swiss\/fr\/404-2\/#primaryimage"},"image":{"@id":"https:\/\/saveme.swiss\/fr\/404-2\/#primaryimage"},"thumbnailUrl":"https:\/\/saveme.swiss\/wp-content\/uploads\/2023\/12\/saveme-logo.svg","datePublished":"2023-12-29T10:27:05+00:00","dateModified":"2025-06-12T09:46:53+00:00","breadcrumb":{"@id":"https:\/\/saveme.swiss\/fr\/404-2\/#breadcrumb"},"inLanguage":"fr-FR","potentialAction":[{"@type":"ReadAction","target":["https:\/\/saveme.swiss\/fr\/404-2\/"]}]},{"@type":"ImageObject","inLanguage":"fr-FR","@id":"https:\/\/saveme.swiss\/fr\/404-2\/#primaryimage","url":"https:\/\/saveme.swiss\/wp-content\/uploads\/2023\/12\/saveme-logo.svg","contentUrl":"https:\/\/saveme.swiss\/wp-content\/uploads\/2023\/12\/saveme-logo.svg"},{"@type":"BreadcrumbList","@id":"https:\/\/saveme.swiss\/fr\/404-2\/#breadcrumb","itemListElement":[{"@type":"ListItem","position":1,"name":"Home","item":"https:\/\/saveme.swiss\/fr\/"},{"@type":"ListItem","position":2,"name":"404"}]},{"@type":"WebSite","@id":"https:\/\/saveme.swiss\/fr\/#website","url":"https:\/\/saveme.swiss\/fr\/","name":"save me","description":"","publisher":{"@id":"https:\/\/saveme.swiss\/fr\/#organization"},"potentialAction":[{"@type":"SearchAction","target":{"@type":"EntryPoint","urlTemplate":"https:\/\/saveme.swiss\/fr\/?s={search_term_string}"},"query-input":{"@type":"PropertyValueSpecification","valueRequired":true,"valueName":"search_term_string"}}],"inLanguage":"fr-FR"},{"@type":"Organization","@id":"https:\/\/saveme.swiss\/fr\/#organization","name":"save me","url":"https:\/\/saveme.swiss\/fr\/","logo":{"@type":"ImageObject","inLanguage":"fr-FR","@id":"https:\/\/saveme.swiss\/fr\/#\/schema\/logo\/image\/","url":"https:\/\/saveme.swiss\/wp-content\/uploads\/2023\/12\/saveme-logo.svg","contentUrl":"https:\/\/saveme.swiss\/wp-content\/uploads\/2023\/12\/saveme-logo.svg","width":130,"height":52,"caption":"save me"},"image":{"@id":"https:\/\/saveme.swiss\/fr\/#\/schema\/logo\/image\/"}}]}},"_links":{"self":[{"href":"https:\/\/saveme.swiss\/fr\/wp-json\/wp\/v2\/pages\/16830","targetHints":{"allow":["GET"]}}],"collection":[{"href":"https:\/\/saveme.swiss\/fr\/wp-json\/wp\/v2\/pages"}],"about":[{"href":"https:\/\/saveme.swiss\/fr\/wp-json\/wp\/v2\/types\/page"}],"author":[{"embeddable":true,"href":"https:\/\/saveme.swiss\/fr\/wp-json\/wp\/v2\/users\/2"}],"replies":[{"embeddable":true,"href":"https:\/\/saveme.swiss\/fr\/wp-json\/wp\/v2\/comments?post=16830"}],"version-history":[{"count":9,"href":"https:\/\/saveme.swiss\/fr\/wp-json\/wp\/v2\/pages\/16830\/revisions"}],"predecessor-version":[{"id":17641,"href":"https:\/\/saveme.swiss\/fr\/wp-json\/wp\/v2\/pages\/16830\/revisions\/17641"}],"wp:attachment":[{"href":"https:\/\/saveme.swiss\/fr\/wp-json\/wp\/v2\/media?parent=16830"}],"curies":[{"name":"wp","href":"https:\/\/api.w.org\/{rel}","templated":true}]}}